{"id":393,"date":"2024-10-13T06:35:27","date_gmt":"2024-10-13T06:35:27","guid":{"rendered":"https:\/\/greatwesterntravels.com\/?page_id=393"},"modified":"2024-10-13T06:54:02","modified_gmt":"2024-10-13T06:54:02","slug":"about-us","status":"publish","type":"page","link":"https:\/\/greatwesterntravels.com\/fr\/about-us\/","title":{"rendered":"Elementor #393"},"content":{"rendered":"<div data-elementor-type=\"wp-page\" data-elementor-id=\"393\" class=\"elementor elementor-393\">\n\t\t\t\t<div class=\"elementor-element elementor-element-3c09878 e-flex e-con-boxed e-con e-parent\" data-id=\"3c09878\" data-element_type=\"container\" data-e-type=\"container\">\n\t\t\t\t\t<div class=\"e-con-inner\">\n\t\t\t\t<div class=\"elementor-element elementor-element-4e99857 elementor-widget elementor-widget-animated-headline\" data-id=\"4e99857\" data-element_type=\"widget\" data-e-type=\"widget\" data-widget_type=\"animated-headline.default\">\n\t\t\t\t<div class=\"elementor-widget-container\">\n\t\t\t\t\t \t\t\t\t<\/div>\n\t\t\t\t<\/div>\n\t\t\t\t\t<\/div>\n\t\t\t\t<\/div>\n\t\t<div class=\"elementor-element elementor-element-e684f9d e-flex e-con-boxed e-con e-parent\" data-id=\"e684f9d\" data-element_type=\"container\" data-e-type=\"container\">\n\t\t\t\t\t<div class=\"e-con-inner\">\n\t\t<div class=\"elementor-element elementor-element-51bbbda e-con-full e-flex e-con e-child\" data-id=\"51bbbda\" data-element_type=\"container\" data-e-type=\"container\">\n\t\t\t\t<div class=\"elementor-element elementor-element-41f6068 elementor-widget elementor-widget-image\" data-id=\"41f6068\" data-element_type=\"widget\" data-e-type=\"widget\" data-widget_type=\"image.default\">\n\t\t\t\t<div class=\"elementor-widget-container\">\n\t\t\t\t\t\t\t\t\t\t\t\t\t\t\t<img data-opt-id=789241299  fetchpriority=\"high\" decoding=\"async\" width=\"1000\" height=\"1000\" src=\"https:\/\/mly9qdy6kdzy.i.optimole.com\/w:1000\/h:1000\/q:mauto\/ig:avif\/https:\/\/greatwesterntravels.com\/wp-content\/uploads\/2024\/10\/42695.jpg\" class=\"attachment-large size-large wp-image-399\" alt=\"\" srcset=\"https:\/\/mly9qdy6kdzy.i.optimole.com\/w:1000\/h:1000\/q:mauto\/ig:avif\/https:\/\/greatwesterntravels.com\/wp-content\/uploads\/2024\/10\/42695.jpg 1000w, https:\/\/mly9qdy6kdzy.i.optimole.com\/w:300\/h:300\/q:mauto\/ig:avif\/https:\/\/greatwesterntravels.com\/wp-content\/uploads\/2024\/10\/42695.jpg 300w, https:\/\/mly9qdy6kdzy.i.optimole.com\/w:150\/h:150\/q:mauto\/ig:avif\/https:\/\/greatwesterntravels.com\/wp-content\/uploads\/2024\/10\/42695.jpg 150w, https:\/\/mly9qdy6kdzy.i.optimole.com\/w:768\/h:768\/q:mauto\/ig:avif\/https:\/\/greatwesterntravels.com\/wp-content\/uploads\/2024\/10\/42695.jpg 768w\" sizes=\"(max-width: 1000px) 100vw, 1000px\" \/>\t\t\t\t\t\t\t\t\t\t\t\t\t\t\t<\/div>\n\t\t\t\t<\/div>\n\t\t\t\t<\/div>\n\t\t<div class=\"elementor-element elementor-element-b553b20 e-con-full e-flex e-con e-child\" data-id=\"b553b20\" data-element_type=\"container\" data-e-type=\"container\">\n\t\t\t\t<div class=\"elementor-element elementor-element-9312d90 elementor-widget elementor-widget-heading\" data-id=\"9312d90\" data-element_type=\"widget\" data-e-type=\"widget\" data-widget_type=\"heading.default\">\n\t\t\t\t<div class=\"elementor-widget-container\">\n\t\t\t\t\t<p class=\"elementor-heading-title elementor-size-default\">Bienvenue chez Great Western Travel, votre partenaire de voyage de choix situ\u00e9 au c\u0153ur de Marcory, Abidjan. Nich\u00e9 au B1, 1er \u00e9tage, Rue Adzope, derri\u00e8re l'H\u00f4tel Azalai, nous sommes sp\u00e9cialis\u00e9s dans la cr\u00e9ation d'exp\u00e9riences de voyage inoubliables adapt\u00e9es \u00e0 vos besoins.\n\n<br> <br>\nFond\u00e9 par M. Kapil Dhanwani, un visionnaire de l'industrie du voyage, Great Western Travel s'engage \u00e0 fournir un service exceptionnel et des conseils d'experts. Fort de plusieurs ann\u00e9es d'exp\u00e9rience, M. Dhanwani a constitu\u00e9 une \u00e9quipe passionn\u00e9e d\u00e9di\u00e9e \u00e0 vous aider \u00e0 explorer le monde en toute confiance\n\n\n<br> <br>\nChez Great Western Travel, nous proposons une large gamme de services, y compris la planification de voyages personnalis\u00e9s, des circuits en groupe et des exp\u00e9riences culturelles qui mettent en valeur la beaut\u00e9 de la C\u00f4te d'Ivoire et au-del\u00e0. Notre mission est de garantir que chaque voyage soit fluide, agr\u00e9able et m\u00e9morable.\n\n\n<br> <br>\nQue vous recherchiez une escapade relaxante, une excursion aventureuse ou une immersion culturelle, nous sommes ici pour r\u00e9aliser vos r\u00eaves de voyage. Rejoignez-nous dans un voyage de d\u00e9couverte, et laissez Great Western Travel \u00eatre votre compagnon de confiance sur la route de l'exploration.\n\n\n<br> <br>\nNos services vont au-del\u00e0 de la simple planification de voyages ; nous organisons \u00e9galement des circuits en groupe qui vous permettent de partager des exp\u00e9riences incroyables avec vos amis ou votre famille. Nos circuits soigneusement \u00e9labor\u00e9s offrent une occasion unique de d\u00e9couvrir la riche histoire et la culture de la C\u00f4te d'Ivoire tout en cr\u00e9ant des souvenirs durables avec vos proches. Des visites guid\u00e9es en ville aux safaris animaliers, nous nous effor\u00e7ons d'offrir quelque chose pour tout le monde.\n\n<br> <br>\nChez Great Western Travel, nous sommes fiers de notre approche centr\u00e9e sur le client. Notre \u00e9quipe est d\u00e9di\u00e9e \u00e0 vous fournir une assistance et des conseils en temps opportun, que vous ayez besoin d'aide pour vos r\u00e9servations, de conseils de voyage ou d'un soutien sur le terrain. Nous sommes ici pour garantir que votre exp\u00e9rience de voyage soit aussi fluide et agr\u00e9able que possible.\n\n\n\n\n\n\n\n\n\n\n\n<\/p>\t\t\t\t<\/div>\n\t\t\t\t<\/div>\n\t\t\t\t<\/div>\n\t\t\t\t\t<\/div>\n\t\t\t\t<\/div>\n\t\t<div class=\"elementor-element elementor-element-cecb64a e-flex e-con-boxed e-con e-parent\" data-id=\"cecb64a\" data-element_type=\"container\" data-e-type=\"container\">\n\t\t\t\t\t<div class=\"e-con-inner\">\n\t\t\t\t<div class=\"elementor-element elementor-element-9b11c75 elementor-widget elementor-widget-image\" data-id=\"9b11c75\" data-element_type=\"widget\" data-e-type=\"widget\" data-widget_type=\"image.default\">\n\t\t\t\t<div class=\"elementor-widget-container\">\n\t\t\t\t\t\t\t\t\t\t\t\t\t\t\t<img data-opt-id=1119915032  fetchpriority=\"high\" decoding=\"async\" width=\"1024\" height=\"680\" src=\"https:\/\/mly9qdy6kdzy.i.optimole.com\/w:1024\/h:680\/q:mauto\/ig:avif\/https:\/\/greatwesterntravels.com\/wp-content\/uploads\/2024\/10\/kenya-masai.webp\" class=\"attachment-full size-full wp-image-421\" alt=\"\" srcset=\"https:\/\/mly9qdy6kdzy.i.optimole.com\/w:1024\/h:680\/q:mauto\/ig:avif\/https:\/\/greatwesterntravels.com\/wp-content\/uploads\/2024\/10\/kenya-masai.webp 1024w, https:\/\/mly9qdy6kdzy.i.optimole.com\/w:300\/h:199\/q:mauto\/ig:avif\/https:\/\/greatwesterntravels.com\/wp-content\/uploads\/2024\/10\/kenya-masai.webp 300w, https:\/\/mly9qdy6kdzy.i.optimole.com\/w:768\/h:510\/q:mauto\/ig:avif\/https:\/\/greatwesterntravels.com\/wp-content\/uploads\/2024\/10\/kenya-masai.webp 768w\" sizes=\"(max-width: 1024px) 100vw, 1024px\" \/>\t\t\t\t\t\t\t\t\t\t\t\t\t\t\t<\/div>\n\t\t\t\t<\/div>\n\t\t\t\t\t<\/div>\n\t\t\t\t<\/div>\n\t\t<div class=\"elementor-element elementor-element-f9ccfba e-flex e-con-boxed e-con e-parent\" data-id=\"f9ccfba\" data-element_type=\"container\" data-e-type=\"container\">\n\t\t\t\t\t<div class=\"e-con-inner\">\n\t\t<div class=\"elementor-element elementor-element-4528fd3 e-con-full e-flex e-con e-child\" data-id=\"4528fd3\" data-element_type=\"container\" data-e-type=\"container\">\n\t\t\t\t<div class=\"elementor-element elementor-element-7bb426e elementor-widget elementor-widget-image\" data-id=\"7bb426e\" data-element_type=\"widget\" data-e-type=\"widget\" data-widget_type=\"image.default\">\n\t\t\t\t<div class=\"elementor-widget-container\">\n\t\t\t\t\t\t\t\t\t\t\t\t\t\t\t<img data-opt-id=2018550508  data-opt-src=\"https:\/\/mly9qdy6kdzy.i.optimole.com\/w:1024\/h:777\/q:mauto\/ig:avif\/https:\/\/greatwesterntravels.com\/wp-content\/uploads\/2024\/10\/0910121842_1969238564-scaled.jpg\"  decoding=\"async\" width=\"1024\" height=\"777\" src=\"data:image/svg+xml,%3Csvg%20viewBox%3D%220%200%201024%20777%22%20width%3D%221024%22%20height%3D%22777%22%20xmlns%3D%22http%3A%2F%2Fwww.w3.org%2F2000%2Fsvg%22%3E%3Crect%20width%3D%221024%22%20height%3D%22777%22%20fill%3D%22transparent%22%2F%3E%3C%2Fsvg%3E\" class=\"attachment-large size-large wp-image-412\" alt=\"\" old-srcset=\"https:\/\/mly9qdy6kdzy.i.optimole.com\/w:1422\/h:1080\/q:mauto\/ig:avif\/https:\/\/greatwesterntravels.com\/wp-content\/uploads\/2024\/10\/0910121842_1969238564-scaled.jpg 2560w, https:\/\/mly9qdy6kdzy.i.optimole.com\/w:300\/h:228\/q:mauto\/ig:avif\/https:\/\/greatwesterntravels.com\/wp-content\/uploads\/2024\/10\/0910121842_1969238564-scaled.jpg 300w, https:\/\/mly9qdy6kdzy.i.optimole.com\/w:1024\/h:777\/q:mauto\/ig:avif\/https:\/\/greatwesterntravels.com\/wp-content\/uploads\/2024\/10\/0910121842_1969238564-scaled.jpg 1024w, https:\/\/mly9qdy6kdzy.i.optimole.com\/w:768\/h:583\/q:mauto\/ig:avif\/https:\/\/greatwesterntravels.com\/wp-content\/uploads\/2024\/10\/0910121842_1969238564-scaled.jpg 768w, https:\/\/mly9qdy6kdzy.i.optimole.com\/w:1422\/h:1080\/q:mauto\/ig:avif\/https:\/\/greatwesterntravels.com\/wp-content\/uploads\/2024\/10\/0910121842_1969238564-scaled.jpg 1536w, https:\/\/mly9qdy6kdzy.i.optimole.com\/w:1423\/h:1080\/q:mauto\/ig:avif\/https:\/\/greatwesterntravels.com\/wp-content\/uploads\/2024\/10\/0910121842_1969238564-scaled.jpg 2048w\" \/>\t\t\t\t\t\t\t\t\t\t\t\t\t\t\t<\/div>\n\t\t\t\t<\/div>\n\t\t\t\t<\/div>\n\t\t<div class=\"elementor-element elementor-element-e8d86ca e-con-full e-flex e-con e-child\" data-id=\"e8d86ca\" data-element_type=\"container\" data-e-type=\"container\">\n\t\t\t\t<div class=\"elementor-element elementor-element-36fcd5d elementor-widget elementor-widget-image\" data-id=\"36fcd5d\" data-element_type=\"widget\" data-e-type=\"widget\" data-widget_type=\"image.default\">\n\t\t\t\t<div class=\"elementor-widget-container\">\n\t\t\t\t\t\t\t\t\t\t\t\t\t\t\t<img data-opt-id=944995098  data-opt-src=\"https:\/\/mly9qdy6kdzy.i.optimole.com\/w:1024\/h:777\/q:mauto\/ig:avif\/https:\/\/greatwesterntravels.com\/wp-content\/uploads\/2024\/10\/er43-scaled.jpg\"  loading=\"lazy\" decoding=\"async\" width=\"1024\" height=\"777\" src=\"data:image/svg+xml,%3Csvg%20viewBox%3D%220%200%201024%20777%22%20width%3D%221024%22%20height%3D%22777%22%20xmlns%3D%22http%3A%2F%2Fwww.w3.org%2F2000%2Fsvg%22%3E%3Crect%20width%3D%221024%22%20height%3D%22777%22%20fill%3D%22transparent%22%2F%3E%3C%2Fsvg%3E\" class=\"attachment-large size-large wp-image-414\" alt=\"\" old-srcset=\"https:\/\/mly9qdy6kdzy.i.optimole.com\/w:1422\/h:1080\/q:mauto\/ig:avif\/https:\/\/greatwesterntravels.com\/wp-content\/uploads\/2024\/10\/er43-scaled.jpg 2560w, https:\/\/mly9qdy6kdzy.i.optimole.com\/w:300\/h:228\/q:mauto\/ig:avif\/https:\/\/greatwesterntravels.com\/wp-content\/uploads\/2024\/10\/er43-scaled.jpg 300w, https:\/\/mly9qdy6kdzy.i.optimole.com\/w:1024\/h:777\/q:mauto\/ig:avif\/https:\/\/greatwesterntravels.com\/wp-content\/uploads\/2024\/10\/er43-scaled.jpg 1024w, https:\/\/mly9qdy6kdzy.i.optimole.com\/w:768\/h:583\/q:mauto\/ig:avif\/https:\/\/greatwesterntravels.com\/wp-content\/uploads\/2024\/10\/er43-scaled.jpg 768w, https:\/\/mly9qdy6kdzy.i.optimole.com\/w:1422\/h:1080\/q:mauto\/ig:avif\/https:\/\/greatwesterntravels.com\/wp-content\/uploads\/2024\/10\/er43-scaled.jpg 1536w, https:\/\/mly9qdy6kdzy.i.optimole.com\/w:1423\/h:1080\/q:mauto\/ig:avif\/https:\/\/greatwesterntravels.com\/wp-content\/uploads\/2024\/10\/er43-scaled.jpg 2048w\" \/>\t\t\t\t\t\t\t\t\t\t\t\t\t\t\t<\/div>\n\t\t\t\t<\/div>\n\t\t\t\t<\/div>\n\t\t<div class=\"elementor-element elementor-element-61603d9 e-con-full e-flex e-con e-child\" data-id=\"61603d9\" data-element_type=\"container\" data-e-type=\"container\">\n\t\t\t\t<div class=\"elementor-element elementor-element-13bd40e elementor-widget elementor-widget-image\" data-id=\"13bd40e\" data-element_type=\"widget\" data-e-type=\"widget\" data-widget_type=\"image.default\">\n\t\t\t\t<div class=\"elementor-widget-container\">\n\t\t\t\t\t\t\t\t\t\t\t\t\t\t\t<img data-opt-id=683336035  data-opt-src=\"https:\/\/mly9qdy6kdzy.i.optimole.com\/w:1024\/h:777\/q:mauto\/ig:avif\/https:\/\/greatwesterntravels.com\/wp-content\/uploads\/2024\/10\/5467-scaled.jpg\"  loading=\"lazy\" decoding=\"async\" width=\"1024\" height=\"777\" src=\"data:image/svg+xml,%3Csvg%20viewBox%3D%220%200%201024%20777%22%20width%3D%221024%22%20height%3D%22777%22%20xmlns%3D%22http%3A%2F%2Fwww.w3.org%2F2000%2Fsvg%22%3E%3Crect%20width%3D%221024%22%20height%3D%22777%22%20fill%3D%22transparent%22%2F%3E%3C%2Fsvg%3E\" class=\"attachment-large size-large wp-image-415\" alt=\"\" old-srcset=\"https:\/\/mly9qdy6kdzy.i.optimole.com\/w:1422\/h:1080\/q:mauto\/ig:avif\/https:\/\/greatwesterntravels.com\/wp-content\/uploads\/2024\/10\/5467-scaled.jpg 2560w, https:\/\/mly9qdy6kdzy.i.optimole.com\/w:300\/h:228\/q:mauto\/ig:avif\/https:\/\/greatwesterntravels.com\/wp-content\/uploads\/2024\/10\/5467-scaled.jpg 300w, https:\/\/mly9qdy6kdzy.i.optimole.com\/w:1024\/h:777\/q:mauto\/ig:avif\/https:\/\/greatwesterntravels.com\/wp-content\/uploads\/2024\/10\/5467-scaled.jpg 1024w, https:\/\/mly9qdy6kdzy.i.optimole.com\/w:768\/h:583\/q:mauto\/ig:avif\/https:\/\/greatwesterntravels.com\/wp-content\/uploads\/2024\/10\/5467-scaled.jpg 768w, https:\/\/mly9qdy6kdzy.i.optimole.com\/w:1422\/h:1080\/q:mauto\/ig:avif\/https:\/\/greatwesterntravels.com\/wp-content\/uploads\/2024\/10\/5467-scaled.jpg 1536w, https:\/\/mly9qdy6kdzy.i.optimole.com\/w:1423\/h:1080\/q:mauto\/ig:avif\/https:\/\/greatwesterntravels.com\/wp-content\/uploads\/2024\/10\/5467-scaled.jpg 2048w\" \/>\t\t\t\t\t\t\t\t\t\t\t\t\t\t\t<\/div>\n\t\t\t\t<\/div>\n\t\t\t\t<\/div>\n\t\t<div class=\"elementor-element elementor-element-d4cd091 e-con-full e-flex e-con e-child\" data-id=\"d4cd091\" data-element_type=\"container\" data-e-type=\"container\">\n\t\t\t\t<div class=\"elementor-element elementor-element-a017077 elementor-widget elementor-widget-image\" data-id=\"a017077\" data-element_type=\"widget\" data-e-type=\"widget\" data-widget_type=\"image.default\">\n\t\t\t\t<div class=\"elementor-widget-container\">\n\t\t\t\t\t\t\t\t\t\t\t\t\t\t\t<img data-opt-id=457151093  data-opt-src=\"https:\/\/mly9qdy6kdzy.i.optimole.com\/w:1024\/h:777\/q:mauto\/ig:avif\/https:\/\/greatwesterntravels.com\/wp-content\/uploads\/2024\/10\/t445-scaled.jpg\"  loading=\"lazy\" decoding=\"async\" width=\"1024\" height=\"777\" src=\"data:image/svg+xml,%3Csvg%20viewBox%3D%220%200%201024%20777%22%20width%3D%221024%22%20height%3D%22777%22%20xmlns%3D%22http%3A%2F%2Fwww.w3.org%2F2000%2Fsvg%22%3E%3Crect%20width%3D%221024%22%20height%3D%22777%22%20fill%3D%22transparent%22%2F%3E%3C%2Fsvg%3E\" class=\"attachment-large size-large wp-image-416\" alt=\"\" old-srcset=\"https:\/\/mly9qdy6kdzy.i.optimole.com\/w:1422\/h:1080\/q:mauto\/ig:avif\/https:\/\/greatwesterntravels.com\/wp-content\/uploads\/2024\/10\/t445-scaled.jpg 2560w, https:\/\/mly9qdy6kdzy.i.optimole.com\/w:300\/h:228\/q:mauto\/ig:avif\/https:\/\/greatwesterntravels.com\/wp-content\/uploads\/2024\/10\/t445-scaled.jpg 300w, https:\/\/mly9qdy6kdzy.i.optimole.com\/w:1024\/h:777\/q:mauto\/ig:avif\/https:\/\/greatwesterntravels.com\/wp-content\/uploads\/2024\/10\/t445-scaled.jpg 1024w, https:\/\/mly9qdy6kdzy.i.optimole.com\/w:768\/h:583\/q:mauto\/ig:avif\/https:\/\/greatwesterntravels.com\/wp-content\/uploads\/2024\/10\/t445-scaled.jpg 768w, https:\/\/mly9qdy6kdzy.i.optimole.com\/w:1422\/h:1080\/q:mauto\/ig:avif\/https:\/\/greatwesterntravels.com\/wp-content\/uploads\/2024\/10\/t445-scaled.jpg 1536w, https:\/\/mly9qdy6kdzy.i.optimole.com\/w:1423\/h:1080\/q:mauto\/ig:avif\/https:\/\/greatwesterntravels.com\/wp-content\/uploads\/2024\/10\/t445-scaled.jpg 2048w\" \/>\t\t\t\t\t\t\t\t\t\t\t\t\t\t\t<\/div>\n\t\t\t\t<\/div>\n\t\t\t\t<\/div>\n\t\t\t\t\t<\/div>\n\t\t\t\t<\/div>\n\t\t\t\t<\/div>","protected":false},"excerpt":{"rendered":"<p>About us Welcome to Great Western Travel, your premier travel partner located in the heart of Marcory, Abidjan. Nestled at [&hellip;]<\/p>","protected":false},"author":1,"featured_media":0,"parent":0,"menu_order":0,"comment_status":"closed","ping_status":"closed","template":"","meta":{"_uag_custom_page_level_css":"","site-sidebar-layout":"no-sidebar","site-content-layout":"","ast-site-content-layout":"full-width-container","site-content-style":"default","site-sidebar-style":"default","ast-global-header-display":"","ast-banner-title-visibility":"","ast-main-header-display":"","ast-hfb-above-header-display":"","ast-hfb-below-header-display":"","ast-hfb-mobile-header-display":"","site-post-title":"disabled","ast-breadcrumbs-content":"","ast-featured-img":"disabled","footer-sml-layout":"","ast-disable-related-posts":"","theme-transparent-header-meta":"","adv-header-id-meta":"","stick-header-meta":"","header-above-stick-meta":"","header-main-stick-meta":"","header-below-stick-meta":"","astra-migrate-meta-layouts":"default","ast-page-background-enabled":"default","ast-page-background-meta":{"desktop":{"background-color":"var(--ast-global-color-4)","background-image":"","background-repeat":"repeat","background-position":"center center","background-size":"auto","background-attachment":"scroll","background-type":"","background-media":"","overlay-type":"","overlay-color":"","overlay-opacity":"","overlay-gradient":""},"tablet":{"background-color":"","background-image":"","background-repeat":"repeat","background-position":"center center","background-size":"auto","background-attachment":"scroll","background-type":"","background-media":"","overlay-type":"","overlay-color":"","overlay-opacity":"","overlay-gradient":""},"mobile":{"background-color":"","background-image":"","background-repeat":"repeat","background-position":"center center","background-size":"auto","background-attachment":"scroll","background-type":"","background-media":"","overlay-type":"","overlay-color":"","overlay-opacity":"","overlay-gradient":""}},"ast-content-background-meta":{"desktop":{"background-color":"var(--ast-global-color-5)","background-image":"","background-repeat":"repeat","background-position":"center center","background-size":"auto","background-attachment":"scroll","background-type":"","background-media":"","overlay-type":"","overlay-color":"","overlay-opacity":"","overlay-gradient":""},"tablet":{"background-color":"var(--ast-global-color-5)","background-image":"","background-repeat":"repeat","background-position":"center center","background-size":"auto","background-attachment":"scroll","background-type":"","background-media":"","overlay-type":"","overlay-color":"","overlay-opacity":"","overlay-gradient":""},"mobile":{"background-color":"var(--ast-global-color-5)","background-image":"","background-repeat":"repeat","background-position":"center center","background-size":"auto","background-attachment":"scroll","background-type":"","background-media":"","overlay-type":"","overlay-color":"","overlay-opacity":"","overlay-gradient":""}},"footnotes":""},"class_list":["post-393","page","type-page","status-publish","hentry"],"uagb_featured_image_src":{"full":false,"thumbnail":false,"medium":false,"medium_large":false,"large":false,"1536x1536":false,"2048x2048":false,"trp-custom-language-flag":false,"post_card_thumb":false},"uagb_author_info":{"display_name":"greatwesterntravels3","author_link":"https:\/\/greatwesterntravels.com\/fr\/author\/greatwesterntravels3\/"},"uagb_comment_info":0,"uagb_excerpt":"About us Welcome to Great Western Travel, your premier travel partner located in the heart of Marcory, Abidjan. Nestled at [&hellip;]","_links":{"self":[{"href":"https:\/\/greatwesterntravels.com\/fr\/wp-json\/wp\/v2\/pages\/393","targetHints":{"allow":["GET"]}}],"collection":[{"href":"https:\/\/greatwesterntravels.com\/fr\/wp-json\/wp\/v2\/pages"}],"about":[{"href":"https:\/\/greatwesterntravels.com\/fr\/wp-json\/wp\/v2\/types\/page"}],"author":[{"embeddable":true,"href":"https:\/\/greatwesterntravels.com\/fr\/wp-json\/wp\/v2\/users\/1"}],"replies":[{"embeddable":true,"href":"https:\/\/greatwesterntravels.com\/fr\/wp-json\/wp\/v2\/comments?post=393"}],"version-history":[{"count":24,"href":"https:\/\/greatwesterntravels.com\/fr\/wp-json\/wp\/v2\/pages\/393\/revisions"}],"predecessor-version":[{"id":427,"href":"https:\/\/greatwesterntravels.com\/fr\/wp-json\/wp\/v2\/pages\/393\/revisions\/427"}],"wp:attachment":[{"href":"https:\/\/greatwesterntravels.com\/fr\/wp-json\/wp\/v2\/media?parent=393"}],"curies":[{"name":"wp","href":"https:\/\/api.w.org\/{rel}","templated":true}]}}